{"id":1204,"date":"2025-04-28T09:57:23","date_gmt":"2025-04-28T06:57:23","guid":{"rendered":"https:\/\/xuma.com.tr\/etkinlikler\/"},"modified":"2025-09-22T14:37:51","modified_gmt":"2025-09-22T11:37:51","slug":"events","status":"publish","type":"page","link":"https:\/\/xuma.com.tr\/en\/events\/","title":{"rendered":"Events"},"content":{"rendered":"\t\t<div data-elementor-type=\"wp-page\" data-elementor-id=\"1204\" class=\"elementor elementor-1204 elementor-509\" data-elementor-post-type=\"page\">\n\t\t\t\t\t\t<section class=\"elementor-section elementor-top-section elementor-element elementor-element-6f4f5aad elementor-section-full_width elementor-section-height-default elementor-section-height-default\" data-id=\"6f4f5aad\" data-element_type=\"section\" data-settings=\"{&quot;background_background&quot;:&quot;classic&quot;}\">\n\t\t\t\t\t\t<div class=\"elementor-container elementor-column-gap-default\">\n\t\t\t\t\t<div class=\"elementor-column elementor-col-100 elementor-top-column elementor-element elementor-element-71bace2d\" data-id=\"71bace2d\" data-element_type=\"column\">\n\t\t\t<div class=\"elementor-widget-wrap elementor-element-populated\">\n\t\t\t\t\t<div class=\"elementor-background-overlay\"><\/div>\n\t\t\t\t\t\t<section class=\"elementor-section elementor-inner-section elementor-element elementor-element-20c23c9 elementor-section-height-min-height elementor-section-boxed elementor-section-height-default\" data-id=\"20c23c9\" data-element_type=\"section\" data-settings=\"{&quot;background_background&quot;:&quot;classic&quot;}\">\n\t\t\t\t\t\t\t<div class=\"elementor-background-overlay\"><\/div>\n\t\t\t\t\t\t\t<div class=\"elementor-container elementor-column-gap-default\">\n\t\t\t\t\t<div class=\"elementor-column elementor-col-100 elementor-inner-column elementor-element elementor-element-3547a310\" data-id=\"3547a310\" data-element_type=\"column\" data-settings=\"{&quot;background_background&quot;:&quot;classic&quot;}\">\n\t\t\t<div class=\"elementor-widget-wrap elementor-element-populated\">\n\t\t\t\t\t\t<div class=\"elementor-element elementor-element-33b555c4 de_scroll_animation_no elementor-invisible elementor-widget elementor-widget-heading\" data-id=\"33b555c4\" data-element_type=\"widget\" data-settings=\"{&quot;_animation&quot;:&quot;fadeIn&quot;}\" data-widget_type=\"heading.default\">\n\t\t\t\t<div class=\"elementor-widget-container\">\n\t\t\t\t\t<h2 class=\"elementor-heading-title elementor-size-default\">Events<\/h2>\t\t\t\t<\/div>\n\t\t\t\t<\/div>\n\t\t\t\t\t<\/div>\n\t\t<\/div>\n\t\t\t\t\t<\/div>\n\t\t<\/section>\n\t\t\t\t\t<\/div>\n\t\t<\/div>\n\t\t\t\t\t<\/div>\n\t\t<\/section>\n\t\t\t\t<section class=\"elementor-section elementor-top-section elementor-element elementor-element-0ca161d elementor-section-boxed elementor-section-height-default elementor-section-height-default\" data-id=\"0ca161d\" data-element_type=\"section\" data-settings=\"{&quot;background_background&quot;:&quot;classic&quot;}\">\n\t\t\t\t\t\t<div class=\"elementor-container elementor-column-gap-default\">\n\t\t\t\t\t<div class=\"elementor-column elementor-col-100 elementor-top-column elementor-element elementor-element-c1bba15\" data-id=\"c1bba15\" data-element_type=\"column\">\n\t\t\t<div class=\"elementor-widget-wrap elementor-element-populated\">\n\t\t\t\t\t\t<section class=\"elementor-section elementor-inner-section elementor-element elementor-element-7d7e456 elementor-section-boxed elementor-section-height-default elementor-section-height-default\" data-id=\"7d7e456\" data-element_type=\"section\">\n\t\t\t\t\t\t<div class=\"elementor-container elementor-column-gap-default\">\n\t\t\t\t\t<div class=\"elementor-column elementor-col-100 elementor-inner-column elementor-element elementor-element-279f233\" data-id=\"279f233\" data-element_type=\"column\">\n\t\t\t<div class=\"elementor-widget-wrap elementor-element-populated\">\n\t\t\t\t\t\t<div class=\"elementor-element elementor-element-0f7f1ea de_scroll_animation_no elementor-invisible elementor-widget elementor-widget-heading\" data-id=\"0f7f1ea\" data-element_type=\"widget\" data-settings=\"{&quot;_animation&quot;:&quot;fadeIn&quot;,&quot;_animation_delay&quot;:200}\" data-widget_type=\"heading.default\">\n\t\t\t\t<div class=\"elementor-widget-container\">\n\t\t\t\t\t<h2 class=\"elementor-heading-title elementor-size-default\">Gypset The Event Space Where Music, Art and the Sea Meet<\/h2>\t\t\t\t<\/div>\n\t\t\t\t<\/div>\n\t\t\t\t<div class=\"elementor-element elementor-element-83dffd5 de_scroll_animation_no elementor-widget elementor-widget-text-editor\" data-id=\"83dffd5\" data-element_type=\"widget\" data-widget_type=\"text-editor.default\">\n\t\t\t\t<div class=\"elementor-widget-container\">\n\t\t\t\t\t\t\t\t\t<p>Gypset, which is located in Xuma and attracts attention with its capacity of 2,500 people, is one of the most special event areas of Bodrum with its location accessible by boat by sea and its unique structure. The night starts with sunset parties, live performances and a beach atmosphere, and takes on a whole new dimension when it moves to Gypset&#8217;s art gallery. Surrounded by works of art, this space hosts after parties after 02:00, bringing together music, visual experience and social interaction under one roof. Gypset is not just a concert or party space; it offers a multi-layered experience intertwined with the sea, art and music.<\/p>\t\t\t\t\t\t\t\t<\/div>\n\t\t\t\t<\/div>\n\t\t\t\t\t<\/div>\n\t\t<\/div>\n\t\t\t\t\t<\/div>\n\t\t<\/section>\n\t\t\t\t\t<\/div>\n\t\t<\/div>\n\t\t\t\t\t<\/div>\n\t\t<\/section>\n\t\t<div class=\"elementor-element elementor-element-549404d e-flex e-con-boxed e-con e-parent\" data-id=\"549404d\" data-element_type=\"container\" data-settings=\"{&quot;background_background&quot;:&quot;video&quot;,&quot;background_video_link&quot;:&quot;https:\\\/\\\/xuma.com.tr\\\/wp-content\\\/uploads\\\/2025\\\/06\\\/Xuma-Yatay-2.mp4&quot;,&quot;background_play_on_mobile&quot;:&quot;yes&quot;}\">\n\t\t\t\t\t<div class=\"e-con-inner\">\n\t\t<div class=\"elementor-background-video-container\" aria-hidden=\"true\">\n\t\t\t\t\t\t\t<video class=\"elementor-background-video-hosted\" autoplay muted playsinline loop><\/video>\n\t\t\t\t\t<\/div>\t\t<div class=\"elementor-element elementor-element-e5964c1 de_scroll_animation_no elementor-widget elementor-widget-spacer\" data-id=\"e5964c1\" data-element_type=\"widget\" data-widget_type=\"spacer.default\">\n\t\t\t\t<div class=\"elementor-widget-container\">\n\t\t\t\t\t\t\t<div class=\"elementor-spacer\">\n\t\t\t<div class=\"elementor-spacer-inner\"><\/div>\n\t\t<\/div>\n\t\t\t\t\t\t<\/div>\n\t\t\t\t<\/div>\n\t\t\t\t\t<\/div>\n\t\t\t\t<\/div>\n\t\t<div class=\"elementor-element elementor-element-932d199 e-flex e-con-boxed e-con e-parent\" data-id=\"932d199\" data-element_type=\"container\">\n\t\t\t\t\t<div class=\"e-con-inner\">\n\t\t\t\t<div class=\"elementor-element elementor-element-18ef726 de_scroll_animation_no elementor-invisible elementor-widget elementor-widget-heading\" data-id=\"18ef726\" data-element_type=\"widget\" data-settings=\"{&quot;_animation&quot;:&quot;fadeIn&quot;,&quot;_animation_delay&quot;:200}\" data-widget_type=\"heading.default\">\n\t\t\t\t<div class=\"elementor-widget-container\">\n\t\t\t\t\t<h2 class=\"elementor-heading-title elementor-size-default\">Sunset Rhythm: Xuma Nights with Resident DJs<\/h2>\t\t\t\t<\/div>\n\t\t\t\t<\/div>\n\t\t\t\t<div class=\"elementor-element elementor-element-8925420 de_scroll_animation_no elementor-widget elementor-widget-text-editor\" data-id=\"8925420\" data-element_type=\"widget\" data-widget_type=\"text-editor.default\">\n\t\t\t\t<div class=\"elementor-widget-container\">\n\t\t\t\t\t\t\t\t\t<p><span style=\"font-weight: 400;\">Every sunset at Xuma turns into a special moment where music and atmosphere meet. Cem Tunal\u0131, one of the resident DJs of the area, turns the evenings that start by the sea into an unforgettable experience with sets ranging from chill-out to electronic rhythms. Sunset parties combine the view of nature with the energy of music, offering the most enjoyable way to leave the day behind and step into the rhythm of the night. Different weather every evening, but the same feeling: freedom, music and a unique Xuma atmosphere.<\/span><\/p>\t\t\t\t\t\t\t\t<\/div>\n\t\t\t\t<\/div>\n\t\t<div class=\"elementor-element elementor-element-65b8f5e e-con-full e-flex e-con e-child\" data-id=\"65b8f5e\" data-element_type=\"container\">\n\t\t<div class=\"elementor-element elementor-element-9439d0f e-con-full e-flex e-con e-child\" data-id=\"9439d0f\" data-element_type=\"container\">\n\t\t\t\t<div class=\"elementor-element elementor-element-870744e de_scroll_animation_no elementor-widget elementor-widget-image\" data-id=\"870744e\" data-element_type=\"widget\" data-widget_type=\"image.default\">\n\t\t\t\t<div class=\"elementor-widget-container\">\n\t\t\t\t\t\t\t\t\t\t\t\t\t\t\t<img fetchpriority=\"high\" decoding=\"async\" width=\"1707\" height=\"2560\" src=\"https:\/\/xuma.com.tr\/wp-content\/uploads\/2025\/04\/DSC02404-scaled.jpg\" class=\"attachment-full size-full wp-image-1064\" alt=\"\" srcset=\"https:\/\/xuma.com.tr\/wp-content\/uploads\/2025\/04\/DSC02404-scaled.jpg 1707w, https:\/\/xuma.com.tr\/wp-content\/uploads\/2025\/04\/DSC02404-200x300.jpg 200w, https:\/\/xuma.com.tr\/wp-content\/uploads\/2025\/04\/DSC02404-683x1024.jpg 683w, https:\/\/xuma.com.tr\/wp-content\/uploads\/2025\/04\/DSC02404-768x1152.jpg 768w, https:\/\/xuma.com.tr\/wp-content\/uploads\/2025\/04\/DSC02404-1024x1536.jpg 1024w, https:\/\/xuma.com.tr\/wp-content\/uploads\/2025\/04\/DSC02404-1365x2048.jpg 1365w\" sizes=\"(max-width: 1707px) 100vw, 1707px\" \/>\t\t\t\t\t\t\t\t\t\t\t\t\t\t\t<\/div>\n\t\t\t\t<\/div>\n\t\t\t\t<\/div>\n\t\t<div class=\"elementor-element elementor-element-f89f95d e-con-full e-flex e-con e-child\" data-id=\"f89f95d\" data-element_type=\"container\">\n\t\t\t\t<div class=\"elementor-element elementor-element-f773bf1 de_scroll_animation_no elementor-widget elementor-widget-image\" data-id=\"f773bf1\" data-element_type=\"widget\" data-widget_type=\"image.default\">\n\t\t\t\t<div class=\"elementor-widget-container\">\n\t\t\t\t\t\t\t\t\t\t\t\t\t\t\t<img decoding=\"async\" width=\"1080\" height=\"1620\" src=\"https:\/\/xuma.com.tr\/wp-content\/uploads\/2025\/06\/xuma-beach-etkinlikler-1.jpg\" class=\"attachment-full size-full wp-image-1583\" alt=\"\" srcset=\"https:\/\/xuma.com.tr\/wp-content\/uploads\/2025\/06\/xuma-beach-etkinlikler-1.jpg 1080w, https:\/\/xuma.com.tr\/wp-content\/uploads\/2025\/06\/xuma-beach-etkinlikler-1-200x300.jpg 200w, https:\/\/xuma.com.tr\/wp-content\/uploads\/2025\/06\/xuma-beach-etkinlikler-1-683x1024.jpg 683w, https:\/\/xuma.com.tr\/wp-content\/uploads\/2025\/06\/xuma-beach-etkinlikler-1-768x1152.jpg 768w, https:\/\/xuma.com.tr\/wp-content\/uploads\/2025\/06\/xuma-beach-etkinlikler-1-1024x1536.jpg 1024w\" sizes=\"(max-width: 1080px) 100vw, 1080px\" \/>\t\t\t\t\t\t\t\t\t\t\t\t\t\t\t<\/div>\n\t\t\t\t<\/div>\n\t\t\t\t<\/div>\n\t\t<div class=\"elementor-element elementor-element-05a5c01 e-con-full e-flex e-con e-child\" data-id=\"05a5c01\" data-element_type=\"container\">\n\t\t\t\t<div class=\"elementor-element elementor-element-41edd96 de_scroll_animation_no elementor-widget elementor-widget-image\" data-id=\"41edd96\" data-element_type=\"widget\" data-widget_type=\"image.default\">\n\t\t\t\t<div class=\"elementor-widget-container\">\n\t\t\t\t\t\t\t\t\t\t\t\t\t\t\t<img decoding=\"async\" width=\"1080\" height=\"1620\" src=\"https:\/\/xuma.com.tr\/wp-content\/uploads\/2025\/06\/xuma-beach-etkinlikler-2.jpg\" class=\"attachment-full size-full wp-image-1585\" alt=\"\" srcset=\"https:\/\/xuma.com.tr\/wp-content\/uploads\/2025\/06\/xuma-beach-etkinlikler-2.jpg 1080w, https:\/\/xuma.com.tr\/wp-content\/uploads\/2025\/06\/xuma-beach-etkinlikler-2-200x300.jpg 200w, https:\/\/xuma.com.tr\/wp-content\/uploads\/2025\/06\/xuma-beach-etkinlikler-2-683x1024.jpg 683w, https:\/\/xuma.com.tr\/wp-content\/uploads\/2025\/06\/xuma-beach-etkinlikler-2-768x1152.jpg 768w, https:\/\/xuma.com.tr\/wp-content\/uploads\/2025\/06\/xuma-beach-etkinlikler-2-1024x1536.jpg 1024w\" sizes=\"(max-width: 1080px) 100vw, 1080px\" \/>\t\t\t\t\t\t\t\t\t\t\t\t\t\t\t<\/div>\n\t\t\t\t<\/div>\n\t\t\t\t<\/div>\n\t\t<div class=\"elementor-element elementor-element-a972e3d e-con-full e-flex e-con e-child\" data-id=\"a972e3d\" data-element_type=\"container\">\n\t\t\t\t<div class=\"elementor-element elementor-element-4c28634 de_scroll_animation_no elementor-widget elementor-widget-image\" data-id=\"4c28634\" data-element_type=\"widget\" data-widget_type=\"image.default\">\n\t\t\t\t<div class=\"elementor-widget-container\">\n\t\t\t\t\t\t\t\t\t\t\t\t\t\t\t<img loading=\"lazy\" decoding=\"async\" width=\"1080\" height=\"1620\" src=\"https:\/\/xuma.com.tr\/wp-content\/uploads\/2025\/06\/xuma-beach-etkinlikler-3.jpg\" class=\"attachment-full size-full wp-image-1587\" alt=\"\" srcset=\"https:\/\/xuma.com.tr\/wp-content\/uploads\/2025\/06\/xuma-beach-etkinlikler-3.jpg 1080w, https:\/\/xuma.com.tr\/wp-content\/uploads\/2025\/06\/xuma-beach-etkinlikler-3-200x300.jpg 200w, https:\/\/xuma.com.tr\/wp-content\/uploads\/2025\/06\/xuma-beach-etkinlikler-3-683x1024.jpg 683w, https:\/\/xuma.com.tr\/wp-content\/uploads\/2025\/06\/xuma-beach-etkinlikler-3-768x1152.jpg 768w, https:\/\/xuma.com.tr\/wp-content\/uploads\/2025\/06\/xuma-beach-etkinlikler-3-1024x1536.jpg 1024w\" sizes=\"(max-width: 1080px) 100vw, 1080px\" \/>\t\t\t\t\t\t\t\t\t\t\t\t\t\t\t<\/div>\n\t\t\t\t<\/div>\n\t\t\t\t<\/div>\n\t\t\t\t<\/div>\n\t\t\t\t\t<\/div>\n\t\t\t\t<\/div>\n\t\t<div class=\"elementor-element elementor-element-1e75ab7 e-flex e-con-boxed e-con e-parent\" data-id=\"1e75ab7\" data-element_type=\"container\">\n\t\t\t\t\t<div class=\"e-con-inner\">\n\t\t\t\t<div class=\"elementor-element elementor-element-5081534 de_scroll_animation_no elementor-invisible elementor-widget elementor-widget-heading\" data-id=\"5081534\" data-element_type=\"widget\" data-settings=\"{&quot;_animation&quot;:&quot;fadeIn&quot;,&quot;_animation_delay&quot;:200}\" data-widget_type=\"heading.default\">\n\t\t\t\t<div class=\"elementor-widget-container\">\n\t\t\t\t\t<h2 class=\"elementor-heading-title elementor-size-default\">Upcoming Events<\/h2>\t\t\t\t<\/div>\n\t\t\t\t<\/div>\n\t\t<div class=\"elementor-element elementor-element-bdbcf9e e-con-full e-flex e-con e-child\" data-id=\"bdbcf9e\" data-element_type=\"container\">\n\t\t<div class=\"elementor-element elementor-element-f6a8e03 e-con-full e-flex e-con e-child\" data-id=\"f6a8e03\" data-element_type=\"container\">\n\t\t\t\t<\/div>\n\t\t<div class=\"elementor-element elementor-element-45493ec e-con-full e-flex e-con e-child\" data-id=\"45493ec\" data-element_type=\"container\">\n\t\t\t\t<\/div>\n\t\t<div class=\"elementor-element elementor-element-85471e9 e-con-full e-flex e-con e-child\" data-id=\"85471e9\" data-element_type=\"container\">\n\t\t\t\t<\/div>\n\t\t<div class=\"elementor-element elementor-element-1ad5217 e-con-full e-flex e-con e-child\" data-id=\"1ad5217\" data-element_type=\"container\">\n\t\t\t\t<\/div>\n\t\t\t\t<\/div>\n\t\t\t\t\t<\/div>\n\t\t\t\t<\/div>\n\t\t<div class=\"elementor-element elementor-element-cc2f31b e-flex e-con-boxed e-con e-parent\" data-id=\"cc2f31b\" data-element_type=\"container\">\n\t\t\t\t\t<div class=\"e-con-inner\">\n\t\t<div class=\"elementor-element elementor-element-aafcffb e-con-full e-flex e-con e-child\" data-id=\"aafcffb\" data-element_type=\"container\">\n\t\t\t\t<div class=\"elementor-element elementor-element-a7e9b98 de_scroll_animation_no elementor-invisible elementor-widget elementor-widget-heading\" data-id=\"a7e9b98\" data-element_type=\"widget\" data-settings=\"{&quot;_animation&quot;:&quot;fadeIn&quot;,&quot;_animation_delay&quot;:200}\" data-widget_type=\"heading.default\">\n\t\t\t\t<div class=\"elementor-widget-container\">\n\t\t\t\t\t<h2 class=\"elementor-heading-title elementor-size-default\">Past Events<\/h2>\t\t\t\t<\/div>\n\t\t\t\t<\/div>\n\t\t\t\t<\/div>\n\t\t<div class=\"elementor-element elementor-element-324e9c7 e-con-full e-flex e-con e-child\" data-id=\"324e9c7\" data-element_type=\"container\">\n\t\t\t\t<div class=\"elementor-element elementor-element-36ad09d gecmis elementor-arrows-position-inside de_scroll_animation_no elementor-widget elementor-widget-image-carousel\" data-id=\"36ad09d\" data-element_type=\"widget\" data-settings=\"{&quot;slides_to_show&quot;:&quot;5&quot;,&quot;navigation&quot;:&quot;arrows&quot;,&quot;autoplay&quot;:&quot;yes&quot;,&quot;pause_on_hover&quot;:&quot;yes&quot;,&quot;pause_on_interaction&quot;:&quot;yes&quot;,&quot;autoplay_speed&quot;:5000,&quot;infinite&quot;:&quot;yes&quot;,&quot;speed&quot;:500,&quot;image_spacing_custom&quot;:{&quot;unit&quot;:&quot;px&quot;,&quot;size&quot;:20,&quot;sizes&quot;:[]},&quot;image_spacing_custom_tablet&quot;:{&quot;unit&quot;:&quot;px&quot;,&quot;size&quot;:&quot;&quot;,&quot;sizes&quot;:[]},&quot;image_spacing_custom_mobile&quot;:{&quot;unit&quot;:&quot;px&quot;,&quot;size&quot;:&quot;&quot;,&quot;sizes&quot;:[]}}\" data-widget_type=\"image-carousel.default\">\n\t\t\t\t<div class=\"elementor-widget-container\">\n\t\t\t\t\t\t\t<div class=\"elementor-image-carousel-wrapper swiper\" role=\"region\" aria-roledescription=\"carousel\" aria-label=\"Resim D\u00f6ng\u00fcs\u00fc\" dir=\"ltr\">\n\t\t\t<div class=\"elementor-image-carousel swiper-wrapper\" aria-live=\"off\">\n\t\t\t\t\t\t\t\t<div class=\"swiper-slide\" role=\"group\" aria-roledescription=\"slide\" aria-label=\"1 of 14\"><figure class=\"swiper-slide-inner\"><img decoding=\"async\" class=\"swiper-slide-image\" src=\"https:\/\/xuma.com.tr\/wp-content\/uploads\/elementor\/thumbs\/IMG_9652-rckjesm1rh4pmp7xw3nqjn5lpqu1ojliuko9wyetq8.webp\" alt=\"IMG_9652\" \/><\/figure><\/div><div class=\"swiper-slide\" role=\"group\" aria-roledescription=\"slide\" aria-label=\"2 of 14\"><figure class=\"swiper-slide-inner\"><img decoding=\"async\" class=\"swiper-slide-image\" src=\"https:\/\/xuma.com.tr\/wp-content\/uploads\/elementor\/thumbs\/fotograf-scaled-rckjesm1rh4pmp7xw3nqjn5lpqu1ojliuko9wyetq8.png\" alt=\"fotog\u0306raf\" \/><\/figure><\/div><div class=\"swiper-slide\" role=\"group\" aria-roledescription=\"slide\" aria-label=\"3 of 14\"><figure class=\"swiper-slide-inner\"><img decoding=\"async\" class=\"swiper-slide-image\" src=\"https:\/\/xuma.com.tr\/wp-content\/uploads\/elementor\/thumbs\/te-project_ig_1080x1920-2-1-scaled-rckjesm1rh4pmp7xw3nqjn5lpqu1ojliuko9wyetq8.jpg\" alt=\"te project_ig_1080x1920 2 (1)\" \/><\/figure><\/div><div class=\"swiper-slide\" role=\"group\" aria-roledescription=\"slide\" aria-label=\"4 of 14\"><figure class=\"swiper-slide-inner\"><img decoding=\"async\" class=\"swiper-slide-image\" src=\"https:\/\/xuma.com.tr\/wp-content\/uploads\/elementor\/thumbs\/xuma-etkinlikler-3-1-rckjf04ra5f07kx0o6wr3l9agtsze4fdjlw5r63ocg.jpg\" alt=\"xuma-etkinlikler-3\" \/><\/figure><\/div><div class=\"swiper-slide\" role=\"group\" aria-roledescription=\"slide\" aria-label=\"5 of 14\"><figure class=\"swiper-slide-inner\"><img decoding=\"async\" class=\"swiper-slide-image\" src=\"https:\/\/xuma.com.tr\/wp-content\/uploads\/elementor\/thumbs\/xuma-etkinlikler-4-rckjey92whcfkczqz63hylqda228yq7wvcl6sm6gow.jpg\" alt=\"xuma-etkinlikler-4\" \/><\/figure><\/div><div class=\"swiper-slide\" role=\"group\" aria-roledescription=\"slide\" aria-label=\"6 of 14\"><figure class=\"swiper-slide-inner\"><img decoding=\"async\" class=\"swiper-slide-image\" src=\"https:\/\/xuma.com.tr\/wp-content\/uploads\/elementor\/thumbs\/BU-GECE-STORY3--rckjesm1rh4pmp7xw3nqjn5lpqu1ojliuko9wyetq8.jpg\" alt=\"BU-GECE-STORY3-\" \/><\/figure><\/div><div class=\"swiper-slide\" role=\"group\" aria-roledescription=\"slide\" aria-label=\"7 of 14\"><figure class=\"swiper-slide-inner\"><img decoding=\"async\" class=\"swiper-slide-image\" src=\"https:\/\/xuma.com.tr\/wp-content\/uploads\/elementor\/thumbs\/xuma-etkinlikler-1-1-rckjf04ra5f07kx0o6wr3l9agtsze4fdjlw5r63ocg.jpg\" alt=\"xuma-etkinlikler-1\" \/><\/figure><\/div><div class=\"swiper-slide\" role=\"group\" aria-roledescription=\"slide\" aria-label=\"8 of 14\"><figure class=\"swiper-slide-inner\"><img decoding=\"async\" class=\"swiper-slide-image\" src=\"https:\/\/xuma.com.tr\/wp-content\/uploads\/elementor\/thumbs\/xuma-etkinlikler-2-1-rckjf04ra5f07kx0o6wr3l9agtsze4fdjlw5r63ocg.jpg\" alt=\"xuma-etkinlikler-2\" \/><\/figure><\/div><div class=\"swiper-slide\" role=\"group\" aria-roledescription=\"slide\" aria-label=\"9 of 14\"><figure class=\"swiper-slide-inner\"><img decoding=\"async\" class=\"swiper-slide-image\" src=\"https:\/\/xuma.com.tr\/wp-content\/uploads\/elementor\/thumbs\/Xinobi-V2-story-web-rckjevfkbz8klj3ufmvm94fzhwg5bmwpuymqcsan7k.jpg\" alt=\"Xinobi V2 story &amp; web\" \/><\/figure><\/div><div class=\"swiper-slide\" role=\"group\" aria-roledescription=\"slide\" aria-label=\"10 of 14\"><figure class=\"swiper-slide-inner\"><img decoding=\"async\" class=\"swiper-slide-image\" src=\"https:\/\/xuma.com.tr\/wp-content\/uploads\/elementor\/thumbs\/Kenan-story-rckjetjvyb5zyb6kqm2d44x2b4pew8p96pbre8dfk0.jpg\" alt=\"Kenan story\" \/><\/figure><\/div><div class=\"swiper-slide\" role=\"group\" aria-roledescription=\"slide\" aria-label=\"11 of 14\"><figure class=\"swiper-slide-inner\"><img decoding=\"async\" class=\"swiper-slide-image\" src=\"https:\/\/xuma.com.tr\/wp-content\/uploads\/elementor\/thumbs\/Xuma_Line_Up2-rckjetjvyb5zyb6kqm2d44x2b4pew8p96pbre8dfk0.jpg\" alt=\"Xuma_Line_Up2\" \/><\/figure><\/div><div class=\"swiper-slide\" role=\"group\" aria-roledescription=\"slide\" aria-label=\"12 of 14\"><figure class=\"swiper-slide-inner\"><img decoding=\"async\" class=\"swiper-slide-image\" src=\"https:\/\/xuma.com.tr\/wp-content\/uploads\/elementor\/thumbs\/statik-rckjetjvyb5zyb6kqm2d44x2b4pew8p96pbre8dfk0.jpg\" alt=\"statik\" \/><\/figure><\/div><div class=\"swiper-slide\" role=\"group\" aria-roledescription=\"slide\" aria-label=\"13 of 14\"><figure class=\"swiper-slide-inner\"><img decoding=\"async\" class=\"swiper-slide-image\" src=\"https:\/\/xuma.com.tr\/wp-content\/uploads\/elementor\/thumbs\/KENZI-KENAN-DOGULU-16082024_1080x1920px-rckjeuhq557a9x57l4gzomoiwiks3xszitz8vic1ds.jpg\" alt=\"KENZI-KENAN-DOG\u0306ULU-16082024_1080x1920px\" \/><\/figure><\/div><div class=\"swiper-slide\" role=\"group\" aria-roledescription=\"slide\" aria-label=\"14 of 14\"><figure class=\"swiper-slide-inner\"><img decoding=\"async\" class=\"swiper-slide-image\" src=\"https:\/\/xuma.com.tr\/wp-content\/uploads\/elementor\/thumbs\/cem-tunali-22-rckjevfkbz8klj3ufmvm94fzhwg5bmwpuymqcsan7k.png\" alt=\"cem tunali 22\" \/><\/figure><\/div>\t\t\t<\/div>\n\t\t\t\t\t\t\t\t\t\t\t\t<div class=\"elementor-swiper-button elementor-swiper-button-prev\" role=\"button\" tabindex=\"0\">\n\t\t\t\t\t\t<svg aria-hidden=\"true\" class=\"e-font-icon-svg e-eicon-chevron-left\" viewBox=\"0 0 1000 1000\" xmlns=\"http:\/\/www.w3.org\/2000\/svg\"><path d=\"M646 125C629 125 613 133 604 142L308 442C296 454 292 471 292 487 292 504 296 521 308 533L604 854C617 867 629 875 646 875 663 875 679 871 692 858 704 846 713 829 713 812 713 796 708 779 692 767L438 487 692 225C700 217 708 204 708 187 708 171 704 154 692 142 675 129 663 125 646 125Z\"><\/path><\/svg>\t\t\t\t\t<\/div>\n\t\t\t\t\t<div class=\"elementor-swiper-button elementor-swiper-button-next\" role=\"button\" tabindex=\"0\">\n\t\t\t\t\t\t<svg aria-hidden=\"true\" class=\"e-font-icon-svg e-eicon-chevron-right\" viewBox=\"0 0 1000 1000\" xmlns=\"http:\/\/www.w3.org\/2000\/svg\"><path d=\"M696 533C708 521 713 504 713 487 713 471 708 454 696 446L400 146C388 133 375 125 354 125 338 125 325 129 313 142 300 154 292 171 292 187 292 204 296 221 308 233L563 492 304 771C292 783 288 800 288 817 288 833 296 850 308 863 321 871 338 875 354 875 371 875 388 867 400 854L696 533Z\"><\/path><\/svg>\t\t\t\t\t<\/div>\n\t\t\t\t\n\t\t\t\t\t\t\t\t\t<\/div>\n\t\t\t\t\t\t<\/div>\n\t\t\t\t<\/div>\n\t\t\t\t<\/div>\n\t\t\t\t\t<\/div>\n\t\t\t\t<\/div>\n\t\t\t\t<\/div>\n\t\t","protected":false},"excerpt":{"rendered":"<p>Gypset The Event Space Where Music, Art and the Sea Meet Gypset, which is located in Xuma and attracts attention with its capacity of 2,500 people, is one of the most special event areas of Bodrum with its location accessible by boat by sea and its unique structure. The night starts with sunset parties, live [&hellip;]<\/p>\n","protected":false},"author":1,"featured_media":0,"parent":0,"menu_order":0,"comment_status":"closed","ping_status":"closed","template":"elementor_header_footer","meta":{"footnotes":""},"class_list":["post-1204","page","type-page","status-publish","hentry"],"_links":{"self":[{"href":"https:\/\/xuma.com.tr\/en\/wp-json\/wp\/v2\/pages\/1204","targetHints":{"allow":["GET"]}}],"collection":[{"href":"https:\/\/xuma.com.tr\/en\/wp-json\/wp\/v2\/pages"}],"about":[{"href":"https:\/\/xuma.com.tr\/en\/wp-json\/wp\/v2\/types\/page"}],"author":[{"embeddable":true,"href":"https:\/\/xuma.com.tr\/en\/wp-json\/wp\/v2\/users\/1"}],"replies":[{"embeddable":true,"href":"https:\/\/xuma.com.tr\/en\/wp-json\/wp\/v2\/comments?post=1204"}],"version-history":[{"count":31,"href":"https:\/\/xuma.com.tr\/en\/wp-json\/wp\/v2\/pages\/1204\/revisions"}],"predecessor-version":[{"id":2437,"href":"https:\/\/xuma.com.tr\/en\/wp-json\/wp\/v2\/pages\/1204\/revisions\/2437"}],"wp:attachment":[{"href":"https:\/\/xuma.com.tr\/en\/wp-json\/wp\/v2\/media?parent=1204"}],"curies":[{"name":"wp","href":"https:\/\/api.w.org\/{rel}","templated":true}]}}